{"id":52049,"date":"2025-01-28T16:03:52","date_gmt":"2025-01-28T12:03:52","guid":{"rendered":"https:\/\/ibsu.edu.ge\/?page_id=52049"},"modified":"2025-05-07T15:49:03","modified_gmt":"2025-05-07T11:49:03","slug":"inga-tkemaladze","status":"publish","type":"page","link":"https:\/\/ibsu.edu.ge\/en\/schools\/eduhum\/lecturers\/inga-tkemaladze\/","title":{"rendered":"Inga Tkemaladze"},"content":{"rendered":"<div class=\"wpb-content-wrapper\"><p>[vc_row el_class=&#8221;margin-bottom-50&#8243;][vc_column][vc_column_text]\t\t\t<!-- Flexy Breadcrumb -->\r\n\t\t\t<div class=\"fbc fbc-page\">\r\n\r\n\t\t\t\t<!-- Breadcrumb wrapper -->\r\n\t\t\t\t<div class=\"fbc-wrap\">\r\n\r\n\t\t\t\t\t<!-- Ordered list-->\r\n\t\t\t\t\t<ol class=\"fbc-items\" itemscope itemtype=\"https:\/\/schema.org\/BreadcrumbList\">\r\n\t\t\t\t\t\t            <li itemprop=\"itemListElement\" itemscope itemtype=\"https:\/\/schema.org\/ListItem\">\r\n                <span itemprop=\"name\">\r\n                    <!-- Home Link -->\r\n                    <a itemprop=\"item\" href=\"https:\/\/ibsu.edu.ge\">\r\n                    \r\n                                                    <i class=\"fa fa-home\" aria-hidden=\"true\"><\/i>Home                    <\/a>\r\n                <\/span>\r\n                <meta itemprop=\"position\" content=\"1\" \/><!-- Meta Position-->\r\n             <\/li><li><span class=\"fbc-separator\">\/<\/span><\/li><li class=\"active\" itemprop=\"itemListElement\" itemscope itemtype=\"https:\/\/schema.org\/ListItem\"><span itemprop=\"name\" title=\"Inga Tkemaladze\">Inga Tkemaladze<\/span><meta itemprop=\"position\" content=\"2\" \/><\/li>\t\t\t\t\t<\/ol>\r\n\t\t\t\t\t<div class=\"clearfix\"><\/div>\r\n\t\t\t\t<\/div>\r\n\t\t\t<\/div>\r\n\t\t\t[\/vc_column_text][\/vc_column][\/vc_row][vc_row el_class=&#8221;single-personal&#8221;][vc_column width=&#8221;1\/4&#8243; el_class=&#8221;bio&#8221;][vc_column_text el_class=&#8221;margin-top-20&#8243;]<\/p>\n<h4>Inga Tkemaladze<\/h4>\n<p>E-mail: <a href=\"mailto:itkemaladze@ibsu.edu.ge\">itkemaladze@ibsu.edu.ge<\/a>[\/vc_column_text][\/vc_column][vc_column width=&#8221;3\/4&#8243;][vc_tabs][vc_tab title=&#8221;About&#8221; tab_id=&#8221;1730700380-1-33&#8243;][vc_column_text]<span style=\"font-weight: 400;\">Inga Tkemaladze is currently an Affiliated Associate Professor at International Black Sea University, and at the same time, an experienced linguist and methodologist with over 20 years of teaching and research experience.<\/span><\/p>\n<p><span style=\"font-weight: 400;\">Inga Tkemaladze graduated from the University of Dijon (France) and continues to actively participate in educational seminars, internships, and trainings conducted by foreign organizations. She earned her PhD in Pedagogical Sciences.<\/span><\/p>\n<p><span style=\"font-weight: 400;\">His career is distinguished by his publications in international and local scientific journals in the fields of French language teaching, applied linguistics, and comparative typology.<\/span><\/p>\n<p><span style=\"font-weight: 400;\">Inga Tkemaladze&#8217;s research focuses on comparative language analysis, sociolinguistics, intercultural communication, and translation-related concerns, with a special emphasis on essential elements that contribute to the process of teaching French as a second foreign language.<\/span><\/p>\n<p><span style=\"font-weight: 400;\">Inga Tkemaladze actively participates in international conferences and symposiums. She is<\/span><\/p>\n<p><span style=\"font-weight: 400;\">the supervisor of several bachelor&#8217;s theses and a reviewer of doctoral dissertations.<\/span><\/p>\n<p><span style=\"font-weight: 400;\">Inga Tkemaladze actively collaborates with Francophone organizations, the French Institute of Tbilisi. Since 2019, she is the project coordinator of the AUF-Francophone University Agency and a trainer for the same organization.<\/span>[\/vc_column_text][\/vc_tab][vc_tab title=&#8221;Publications&#8221; tab_id=&#8221;1730702471047-2-3&#8243;][vc_column_text]<\/p>\n<table>\n<tbody>\n<tr>\n<td>\n<ul>\n<li><b><i>\u201cEtudes contrastive des unit\u00e9s phras\u00e9ologiques fran\u00e7aises et g\u00e9orgiennes<\/i><\/b><b><i> contenant de produit laitiers<\/i><\/b><b><i>\u201d-<\/i><\/b><b>International Conference : \u00ab Le vin et ses \u00e9mules, discours \u0153nologiques et gastronomique \u00bb, Innsbruck, Vienna, 2022, Publishing house, Frank &amp; Timme, Germany, pp.347-369<\/b><\/li>\n<\/ul>\n<\/td>\n<\/tr>\n<tr>\n<td>\n<ul>\n<li><b><i>\u201cL\u2019\u00e9tymologie et la classification de la d\u00e9nomination des plats en fran\u00e7ais et en g\u00e9orgien\u201d- <\/i><\/b><b>International Conference \u00ab Terminologies gastronomiques et \u0153nologiques, aspect patrimoniaux et culturels \u00bb, Tours France, 2020, Publishing house, L&#8217;Harmattan, France, pp.39-55<\/b><\/li>\n<\/ul>\n<\/td>\n<\/tr>\n<tr>\n<td>\n<ul>\n<li><b><i>\u201cLa probl\u00e9matique de l\u2019usage des proverbes fran\u00e7ais dans la communication\u201d<\/i><\/b><b>&#8211;<\/b> <b>International Scientific Conference, European Society for Phraseology, Europhras<\/b><b> 2016 : &#8220;Word Combinations in the Linguistic System and Language use : Theoretical, Methodological and Integrated Approaches&#8221;, <\/b><b>University of Trier, Germany, 2020, Publishing house : Wydzial Filologiczmy, University of Bialystok, Reproducible Language units from an interdisciplinary perspective,<\/b><b> Poland,<\/b><b> Volum#4, pp.245-259<\/b><\/li>\n<\/ul>\n<\/td>\n<\/tr>\n<tr>\n<td>\n<ul>\n<li><b> \u00ab <\/b><b><i>Les conjonctions causales en fran\u00e7ais et en g\u00e9orgiens \u00bb\/&#8221;<\/i><\/b><b>Causal Connections in French and Georgian&#8221; &#8211; Second International Conference : &#8220;Concept Cause and Grammar&#8221;, Sorbonne University, Paris, France, 2020, actes de colloque International, pp. 136-146<\/b><\/li>\n<\/ul>\n<\/td>\n<\/tr>\n<tr>\n<td>\n<ul>\n<li><b><i>\u201cLa forme et le contenu des slogans publicitaires fran\u00e7ais et g\u00e9orgien\u201d-<\/i><\/b><b>International Conference \u00ab Lexicalisation de l\u2019onomastique commerciale, cr\u00e9e, diffuser, int\u00e9grer \u00bb, Naples, Italy,2019, Publishing house, Peter Lang, Brussels, Belgium, pp.551-566<\/b><\/li>\n<\/ul>\n<\/td>\n<\/tr>\n<tr>\n<td>\n<ul>\n<li><b><i>\u201cL\u2019\u00e9tude compar\u00e9e des unit\u00e9s phras\u00e9ologiques comportant le concept \u00ab vin \u00bb en g\u00e9orgien et en fran\u00e7ais \u201d-<\/i><\/b><b>International Conference \u00ab Du sens \u00e0 l\u2019exp\u00e9rience, Gastronomie et \u0153nologie prisme de leurs terminologies \u00bb, Reims, France, 2018, Publishing house, EPURE-\u00c9ditions et presses universitaire de Reims, pp.167-179<\/b><\/li>\n<\/ul>\n<\/td>\n<\/tr>\n<tr>\n<td>\n<ul>\n<li><b><i>\u201cLa profession de professeur de FLE: politique linguistique et \u00e9ducative en G\u00e9orgie\u201d \/ \u201cThe profession of <\/i><\/b><b>Teachers<\/b><b><i> FLE (French as a Foreign Language), Linguistic and Educational Politics in Georgia<\/i><\/b><b><i>\u201d<\/i><\/b><b>&#8211; The 14<\/b><b>th <\/b><b>World Congress of International Federation of Teachers of French (FIPF)<\/b><b><i> \u201c<\/i><\/b><b>French as an Ardent Language\u201d, 2018, University of Liege, Belgium<\/b><b>, pp.313-322<\/b><\/li>\n<\/ul>\n<\/td>\n<\/tr>\n<tr>\n<td>\n<ul>\n<li><b><i>\u201cLe fran\u00e7ais et le g\u00e9orgien face aux anglicismes, les nouvelles tendances linguistiques\u201d<\/i><\/b><b>\/<\/b><b><i> \u201cFrench and Georgian Languages Versus Anglicism, the New Linguistic Tendencies\u201d- <\/i><\/b><b>International Congress liLETRAd 2016, \u201cSymbols, Lemmata, Phantasy\u201d, Seville, Spain, <\/b><b>pp. 655-664<\/b><\/li>\n<\/ul>\n<\/td>\n<\/tr>\n<\/tbody>\n<\/table>\n<table>\n<tbody>\n<tr>\n<td>\n<ul>\n<li><b>\u00a0<\/b><b><i>\u201cL\u2019Orthographe de la langue fran\u00e7aise, un obstacle pour les apprenants g\u00e9orgiens\u201d\/<\/i><\/b><b> \u201cThe Spelling of the French language, a barrier for Georgian Learners\u201d<\/b><b><i>&#8211;<\/i><\/b><b> International Journal of Science of Language <\/b><b><i>\u201c<\/i><\/b><b>Linguiste<\/b><b><i>\u201d, <\/i><\/b><b>House of the French Language and Culture, Iran, Tehran, #14, Spring, 2015, <\/b><b>pp<\/b><b>. 79-88<\/b><\/li>\n<\/ul>\n<\/td>\n<\/tr>\n<tr>\n<td>\n<ul>\n<li><b><i>\u201e<\/i><\/b><b><i>The concept of false cognates and translation difficulties between French and English<\/i><\/b><b><i>\u201c-<\/i><\/b><b> The 13<\/b><b>th<\/b><b> International Research Conference on Education, English language Teaching, English Language and Literatures (IRCEELT 2023), International Black Sea University, Tbilisi, Georgia. pp. 225-233\u00a0<\/b><\/li>\n<\/ul>\n<\/td>\n<\/tr>\n<tr>\n<td>\n<ul>\n<li><b>1<\/b><b><i>\u201c<\/i><\/b><b><i>Linguistic Characteristics of Satire and Humour in English, French and Georgian Animated Films\u201d-<\/i><\/b><b> The 11<\/b><b>th<\/b><b> International Research Conference on Education, English language Teaching, English Language and Literatures (IRCEELT 2021), International Black Sea University, Tbilisi, Georgia. pp. 177-184\u00a0<\/b><\/li>\n<\/ul>\n<\/td>\n<\/tr>\n<tr>\n<td>\n<ul>\n<li><b><i>\u201c<\/i><\/b><b><i>LINGUISTIC CHARACTERISTICS OF GENDER VOCABULARY IN THE ENGLISH AND FRENCH\u201d-<\/i><\/b><b> The 9<\/b><b>th<\/b><b> International Research Conference on Education, English language Teaching, English Language and Literatures (IRCEELT 2019), International Black Sea University, Tbilisi, Georgia. pp. <\/b><b>175-183<\/b><b>\u00a0<\/b><\/li>\n<\/ul>\n<\/td>\n<\/tr>\n<tr>\n<td>\n<ul>\n<li><b>\u00a0<\/b><b><i>\u201cFrench gastronomic phraseological units representing concepts of human behaviour and condition<\/i><\/b><b><i>\u201d<\/i><\/b><b>&#8211;<\/b><b> The 5<\/b><b>th<\/b><b> International Scientific Conference \u201cIntercultural Dialogues\u201d 2019, Iakob Gogebashvili Telavi State University, Georgia. pp. <\/b><b>506-513<\/b><\/li>\n<\/ul>\n<\/td>\n<\/tr>\n<tr>\n<td>\n<ul>\n<li><b><i>\u201c<\/i><\/b><b><i>ENGLISH AND FRENCH PROVERBIAL LANGUAGE AS A REFLECTION OF CULTURAL ASPECTS\u201d-<\/i><\/b><b> The 8<\/b><b>th<\/b><b> International Research Conference on Education, English language Teaching, English Language and Literatures (IRCEELT 2018), International Black Sea University, Tbilisi, Georgia. pp. 147-158\u00a0<\/b><\/li>\n<\/ul>\n<\/td>\n<\/tr>\n<tr>\n<td>\n<ul>\n<li><b><i>\u201c<\/i><\/b><b><i>LANGUAGE OF ENGLISH, FRENCH AND GEORGIAN ADVERTISEMENTS\u201d-<\/i><\/b><b> The 7<\/b><b>th<\/b><b> International Research Conference on Education, English language Teaching, English Language and Literatures (IRCEELT 2017), International Black Sea University, Tbilisi, Georgia. pp. 433-443\u00a0<\/b><\/li>\n<\/ul>\n<\/td>\n<\/tr>\n<tr>\n<td><\/td>\n<\/tr>\n<\/tbody>\n<\/table>\n<p>[\/vc_column_text][\/vc_tab][vc_tab title=&#8221;Study course&#8221; tab_id=&#8221;1730700380-2-52&#8243;][vc_row_inner][vc_column_inner el_class=&#8221;cources&#8221; width=&#8221;1\/2&#8243;][vc_custom_heading text=&#8221;Lecture course catalog&#8221; font_container=&#8221;tag:h4|text_align:left&#8221; css=&#8221;.vc_custom_1742902329307{background-color: #f9cd39 !important;}&#8221;][\/vc_column_inner][\/vc_row_inner][\/vc_tab][vc_tab title=&#8221;Additional information&#8221; tab_id=&#8221;1730702484215-3-10&#8243;][vc_column_text][\/vc_column_text][\/vc_tab][\/vc_tabs][\/vc_column][\/vc_row]<\/p>\n<\/div>","protected":false},"excerpt":{"rendered":"<p>[vc_row el_class=&#8221;margin-bottom-50&#8243;][vc_column][vc_column_text][\/vc_column_text][\/vc_column][\/vc_row][vc_row el_class=&#8221;single-personal&#8221;][vc_column width=&#8221;1\/4&#8243; el_class=&#8221;bio&#8221;][vc_column_text el_class=&#8221;margin-top-20&#8243;] Inga Tkemaladze E-mail: itkemaladze@ibsu.edu.ge[\/vc_column_text][\/vc_column][vc_column width=&#8221;3\/4&#8243;][vc_tabs][vc_tab title=&#8221;About&#8221; tab_id=&#8221;1730700380-1-33&#8243;][vc_column_text]Inga Tkemaladze is currently an Affiliated Associate Professor at International Black Sea University, and at the same time, an experienced linguist and methodologist with over 20 years of teaching and research experience. Inga Tkemaladze graduated from the University of Dijon (France) and continues<\/p>\n","protected":false},"author":5,"featured_media":0,"parent":44573,"menu_order":0,"comment_status":"closed","ping_status":"closed","template":"","meta":{"footnotes":""},"class_list":["post-52049","page","type-page","status-publish","hentry"],"_links":{"self":[{"href":"https:\/\/ibsu.edu.ge\/en\/wp-json\/wp\/v2\/pages\/52049","targetHints":{"allow":["GET"]}}],"collection":[{"href":"https:\/\/ibsu.edu.ge\/en\/wp-json\/wp\/v2\/pages"}],"about":[{"href":"https:\/\/ibsu.edu.ge\/en\/wp-json\/wp\/v2\/types\/page"}],"author":[{"embeddable":true,"href":"https:\/\/ibsu.edu.ge\/en\/wp-json\/wp\/v2\/users\/5"}],"replies":[{"embeddable":true,"href":"https:\/\/ibsu.edu.ge\/en\/wp-json\/wp\/v2\/comments?post=52049"}],"version-history":[{"count":0,"href":"https:\/\/ibsu.edu.ge\/en\/wp-json\/wp\/v2\/pages\/52049\/revisions"}],"up":[{"embeddable":true,"href":"https:\/\/ibsu.edu.ge\/en\/wp-json\/wp\/v2\/pages\/44573"}],"wp:attachment":[{"href":"https:\/\/ibsu.edu.ge\/en\/wp-json\/wp\/v2\/media?parent=52049"}],"curies":[{"name":"wp","href":"https:\/\/api.w.org\/{rel}","templated":true}]}}